{"id":397,"date":"2025-04-21T21:39:40","date_gmt":"2025-04-21T20:39:40","guid":{"rendered":"https:\/\/rebeccateppertherapy.com\/homepage\/"},"modified":"2025-06-06T12:45:03","modified_gmt":"2025-06-06T11:45:03","slug":"valkommen","status":"publish","type":"page","link":"https:\/\/rebeccateppertherapy.com\/sv\/","title":{"rendered":"V\u00e4lkommen"},"content":{"rendered":"","protected":false},"excerpt":{"rendered":"","protected":false},"author":1,"featured_media":0,"parent":0,"menu_order":0,"comment_status":"closed","ping_status":"closed","template":"index.php","meta":{"_acf_changed":false,"footnotes":""},"class_list":["post-397","page","type-page","status-publish","hentry"],"acf":[],"yoast_head":"<!-- This site is optimized with the Yoast SEO plugin v27.5 - https:\/\/yoast.com\/product\/yoast-seo-wordpress\/ -->\n<title>V\u00e4lkommen - Rebecca R\u00f6nnhult Tepper<\/title>\n<meta name=\"description\" content=\"UKCP-registrerad psykoterapeut Rebecca Tepper erbjuder individuell terapi och parterapi i en trygg och st\u00f6djande milj\u00f6. Utforska utmaningar, reflektera och v\u00e4x med professionellt st\u00f6d.\" \/>\n<meta name=\"robots\" content=\"index, follow, max-snippet:-1, max-image-preview:large, max-video-preview:-1\" \/>\n<link rel=\"canonical\" href=\"https:\/\/rebeccateppertherapy.com\/sv\/\" \/>\n<meta property=\"og:locale\" content=\"sv_SE\" \/>\n<meta property=\"og:type\" content=\"article\" \/>\n<meta property=\"og:title\" content=\"V\u00e4lkommen - Rebecca R\u00f6nnhult Tepper\" \/>\n<meta property=\"og:description\" content=\"UKCP-registrerad psykoterapeut Rebecca Tepper erbjuder individuell terapi och parterapi i en trygg och st\u00f6djande milj\u00f6. Utforska utmaningar, reflektera och v\u00e4x med professionellt st\u00f6d.\" \/>\n<meta property=\"og:url\" content=\"https:\/\/rebeccateppertherapy.com\/sv\/\" \/>\n<meta property=\"og:site_name\" content=\"Rebecca R\u00f6nnhult Tepper\" \/>\n<meta property=\"article:modified_time\" content=\"2025-06-06T11:45:03+00:00\" \/>\n<meta name=\"twitter:card\" content=\"summary_large_image\" \/>\n<script type=\"application\/ld+json\" class=\"yoast-schema-graph\">{\"@context\":\"https:\\\/\\\/schema.org\",\"@graph\":[{\"@type\":\"WebPage\",\"@id\":\"https:\\\/\\\/rebeccateppertherapy.com\\\/sv\\\/\",\"url\":\"https:\\\/\\\/rebeccateppertherapy.com\\\/sv\\\/\",\"name\":\"V\u00e4lkommen - Rebecca R\u00f6nnhult Tepper\",\"isPartOf\":{\"@id\":\"https:\\\/\\\/rebeccateppertherapy.com\\\/sv\\\/#website\"},\"datePublished\":\"2025-04-21T20:39:40+00:00\",\"dateModified\":\"2025-06-06T11:45:03+00:00\",\"description\":\"UKCP-registrerad psykoterapeut Rebecca Tepper erbjuder individuell terapi och parterapi i en trygg och st\u00f6djande milj\u00f6. Utforska utmaningar, reflektera och v\u00e4x med professionellt st\u00f6d.\",\"breadcrumb\":{\"@id\":\"https:\\\/\\\/rebeccateppertherapy.com\\\/sv\\\/#breadcrumb\"},\"inLanguage\":\"sv-SE\",\"potentialAction\":[{\"@type\":\"ReadAction\",\"target\":[\"https:\\\/\\\/rebeccateppertherapy.com\\\/sv\\\/\"]}]},{\"@type\":\"BreadcrumbList\",\"@id\":\"https:\\\/\\\/rebeccateppertherapy.com\\\/sv\\\/#breadcrumb\",\"itemListElement\":[{\"@type\":\"ListItem\",\"position\":1,\"name\":\"Home\",\"item\":\"https:\\\/\\\/rebeccateppertherapy.com\\\/sv\\\/\"},{\"@type\":\"ListItem\",\"position\":2,\"name\":\"V\u00e4lkommen\"}]},{\"@type\":\"WebSite\",\"@id\":\"https:\\\/\\\/rebeccateppertherapy.com\\\/sv\\\/#website\",\"url\":\"https:\\\/\\\/rebeccateppertherapy.com\\\/sv\\\/\",\"name\":\"Rebecca R\u00f6nnhult Tepper\",\"description\":\"\",\"potentialAction\":[{\"@type\":\"SearchAction\",\"target\":{\"@type\":\"EntryPoint\",\"urlTemplate\":\"https:\\\/\\\/rebeccateppertherapy.com\\\/sv\\\/?s={search_term_string}\"},\"query-input\":{\"@type\":\"PropertyValueSpecification\",\"valueRequired\":true,\"valueName\":\"search_term_string\"}}],\"inLanguage\":\"sv-SE\"}]}<\/script>\n<!-- \/ Yoast SEO plugin. -->","yoast_head_json":{"title":"V\u00e4lkommen - Rebecca R\u00f6nnhult Tepper","description":"UKCP-registrerad psykoterapeut Rebecca Tepper erbjuder individuell terapi och parterapi i en trygg och st\u00f6djande milj\u00f6. Utforska utmaningar, reflektera och v\u00e4x med professionellt st\u00f6d.","robots":{"index":"index","follow":"follow","max-snippet":"max-snippet:-1","max-image-preview":"max-image-preview:large","max-video-preview":"max-video-preview:-1"},"canonical":"https:\/\/rebeccateppertherapy.com\/sv\/","og_locale":"sv_SE","og_type":"article","og_title":"V\u00e4lkommen - Rebecca R\u00f6nnhult Tepper","og_description":"UKCP-registrerad psykoterapeut Rebecca Tepper erbjuder individuell terapi och parterapi i en trygg och st\u00f6djande milj\u00f6. Utforska utmaningar, reflektera och v\u00e4x med professionellt st\u00f6d.","og_url":"https:\/\/rebeccateppertherapy.com\/sv\/","og_site_name":"Rebecca R\u00f6nnhult Tepper","article_modified_time":"2025-06-06T11:45:03+00:00","twitter_card":"summary_large_image","schema":{"@context":"https:\/\/schema.org","@graph":[{"@type":"WebPage","@id":"https:\/\/rebeccateppertherapy.com\/sv\/","url":"https:\/\/rebeccateppertherapy.com\/sv\/","name":"V\u00e4lkommen - Rebecca R\u00f6nnhult Tepper","isPartOf":{"@id":"https:\/\/rebeccateppertherapy.com\/sv\/#website"},"datePublished":"2025-04-21T20:39:40+00:00","dateModified":"2025-06-06T11:45:03+00:00","description":"UKCP-registrerad psykoterapeut Rebecca Tepper erbjuder individuell terapi och parterapi i en trygg och st\u00f6djande milj\u00f6. Utforska utmaningar, reflektera och v\u00e4x med professionellt st\u00f6d.","breadcrumb":{"@id":"https:\/\/rebeccateppertherapy.com\/sv\/#breadcrumb"},"inLanguage":"sv-SE","potentialAction":[{"@type":"ReadAction","target":["https:\/\/rebeccateppertherapy.com\/sv\/"]}]},{"@type":"BreadcrumbList","@id":"https:\/\/rebeccateppertherapy.com\/sv\/#breadcrumb","itemListElement":[{"@type":"ListItem","position":1,"name":"Home","item":"https:\/\/rebeccateppertherapy.com\/sv\/"},{"@type":"ListItem","position":2,"name":"V\u00e4lkommen"}]},{"@type":"WebSite","@id":"https:\/\/rebeccateppertherapy.com\/sv\/#website","url":"https:\/\/rebeccateppertherapy.com\/sv\/","name":"Rebecca R\u00f6nnhult Tepper","description":"","potentialAction":[{"@type":"SearchAction","target":{"@type":"EntryPoint","urlTemplate":"https:\/\/rebeccateppertherapy.com\/sv\/?s={search_term_string}"},"query-input":{"@type":"PropertyValueSpecification","valueRequired":true,"valueName":"search_term_string"}}],"inLanguage":"sv-SE"}]}},"_links":{"self":[{"href":"https:\/\/rebeccateppertherapy.com\/sv\/wp-json\/wp\/v2\/pages\/397","targetHints":{"allow":["GET"]}}],"collection":[{"href":"https:\/\/rebeccateppertherapy.com\/sv\/wp-json\/wp\/v2\/pages"}],"about":[{"href":"https:\/\/rebeccateppertherapy.com\/sv\/wp-json\/wp\/v2\/types\/page"}],"author":[{"embeddable":true,"href":"https:\/\/rebeccateppertherapy.com\/sv\/wp-json\/wp\/v2\/users\/1"}],"replies":[{"embeddable":true,"href":"https:\/\/rebeccateppertherapy.com\/sv\/wp-json\/wp\/v2\/comments?post=397"}],"version-history":[{"count":33,"href":"https:\/\/rebeccateppertherapy.com\/sv\/wp-json\/wp\/v2\/pages\/397\/revisions"}],"predecessor-version":[{"id":739,"href":"https:\/\/rebeccateppertherapy.com\/sv\/wp-json\/wp\/v2\/pages\/397\/revisions\/739"}],"wp:attachment":[{"href":"https:\/\/rebeccateppertherapy.com\/sv\/wp-json\/wp\/v2\/media?parent=397"}],"curies":[{"name":"wp","href":"https:\/\/api.w.org\/{rel}","templated":true}]}}