{"id":400,"date":"2025-04-21T23:47:05","date_gmt":"2025-04-21T22:47:05","guid":{"rendered":"https:\/\/rebeccateppertherapy.com\/couples-therapy\/"},"modified":"2025-06-06T14:19:40","modified_gmt":"2025-06-06T13:19:40","slug":"couples-therapy","status":"publish","type":"page","link":"https:\/\/rebeccateppertherapy.com\/sv\/couples-therapy\/","title":{"rendered":"R\u00e5dgivning f\u00f6r par"},"content":{"rendered":"","protected":false},"excerpt":{"rendered":"","protected":false},"author":1,"featured_media":248,"parent":0,"menu_order":0,"comment_status":"closed","ping_status":"closed","template":"","meta":{"_acf_changed":false,"footnotes":""},"class_list":["post-400","page","type-page","status-publish","has-post-thumbnail","hentry"],"acf":[],"yoast_head":"<!-- This site is optimized with the Yoast SEO plugin v27.5 - https:\/\/yoast.com\/product\/yoast-seo-wordpress\/ -->\n<title>R\u00e5dgivning f\u00f6r par - Rebecca R\u00f6nnhult Tepper<\/title>\n<meta name=\"description\" content=\"St\u00e4rk er relation med parterapi hos Rebecca Tepper. F\u00f6rb\u00e4ttra kommunikationen, hantera konflikter och \u00e5terskapa n\u00e4rhet i en trygg milj\u00f6.\" \/>\n<meta name=\"robots\" content=\"index, follow, max-snippet:-1, max-image-preview:large, max-video-preview:-1\" \/>\n<link rel=\"canonical\" href=\"https:\/\/rebeccateppertherapy.com\/sv\/couples-therapy\/\" \/>\n<meta property=\"og:locale\" content=\"sv_SE\" \/>\n<meta property=\"og:type\" content=\"article\" \/>\n<meta property=\"og:title\" content=\"R\u00e5dgivning f\u00f6r par - Rebecca R\u00f6nnhult Tepper\" \/>\n<meta property=\"og:description\" content=\"St\u00e4rk er relation med parterapi hos Rebecca Tepper. F\u00f6rb\u00e4ttra kommunikationen, hantera konflikter och \u00e5terskapa n\u00e4rhet i en trygg milj\u00f6.\" \/>\n<meta property=\"og:url\" content=\"https:\/\/rebeccateppertherapy.com\/sv\/couples-therapy\/\" \/>\n<meta property=\"og:site_name\" content=\"Rebecca R\u00f6nnhult Tepper\" \/>\n<meta property=\"article:modified_time\" content=\"2025-06-06T13:19:40+00:00\" \/>\n<meta property=\"og:image\" content=\"https:\/\/rebeccateppertherapy.com\/wp-content\/uploads\/2025\/04\/d-ng-h-u-CCjgYjUudxE-unsplash-hor.jpg\" \/>\n\t<meta property=\"og:image:width\" content=\"1280\" \/>\n\t<meta property=\"og:image:height\" content=\"720\" \/>\n\t<meta property=\"og:image:type\" content=\"image\/jpeg\" \/>\n<meta name=\"twitter:card\" content=\"summary_large_image\" \/>\n<meta name=\"twitter:label1\" content=\"Ber\u00e4knad l\u00e4stid\" \/>\n\t<meta name=\"twitter:data1\" content=\"1 minut\" \/>\n<script type=\"application\/ld+json\" class=\"yoast-schema-graph\">{\"@context\":\"https:\\\/\\\/schema.org\",\"@graph\":[{\"@type\":\"WebPage\",\"@id\":\"https:\\\/\\\/rebeccateppertherapy.com\\\/sv\\\/couples-therapy\\\/\",\"url\":\"https:\\\/\\\/rebeccateppertherapy.com\\\/sv\\\/couples-therapy\\\/\",\"name\":\"R\u00e5dgivning f\u00f6r par - Rebecca R\u00f6nnhult Tepper\",\"isPartOf\":{\"@id\":\"https:\\\/\\\/rebeccateppertherapy.com\\\/sv\\\/#website\"},\"primaryImageOfPage\":{\"@id\":\"https:\\\/\\\/rebeccateppertherapy.com\\\/sv\\\/couples-therapy\\\/#primaryimage\"},\"image\":{\"@id\":\"https:\\\/\\\/rebeccateppertherapy.com\\\/sv\\\/couples-therapy\\\/#primaryimage\"},\"thumbnailUrl\":\"https:\\\/\\\/rebeccateppertherapy.com\\\/wp-content\\\/uploads\\\/2025\\\/04\\\/d-ng-h-u-CCjgYjUudxE-unsplash-hor.jpg\",\"datePublished\":\"2025-04-21T22:47:05+00:00\",\"dateModified\":\"2025-06-06T13:19:40+00:00\",\"description\":\"St\u00e4rk er relation med parterapi hos Rebecca Tepper. F\u00f6rb\u00e4ttra kommunikationen, hantera konflikter och \u00e5terskapa n\u00e4rhet i en trygg milj\u00f6.\",\"breadcrumb\":{\"@id\":\"https:\\\/\\\/rebeccateppertherapy.com\\\/sv\\\/couples-therapy\\\/#breadcrumb\"},\"inLanguage\":\"sv-SE\",\"potentialAction\":[{\"@type\":\"ReadAction\",\"target\":[\"https:\\\/\\\/rebeccateppertherapy.com\\\/sv\\\/couples-therapy\\\/\"]}]},{\"@type\":\"ImageObject\",\"inLanguage\":\"sv-SE\",\"@id\":\"https:\\\/\\\/rebeccateppertherapy.com\\\/sv\\\/couples-therapy\\\/#primaryimage\",\"url\":\"https:\\\/\\\/rebeccateppertherapy.com\\\/wp-content\\\/uploads\\\/2025\\\/04\\\/d-ng-h-u-CCjgYjUudxE-unsplash-hor.jpg\",\"contentUrl\":\"https:\\\/\\\/rebeccateppertherapy.com\\\/wp-content\\\/uploads\\\/2025\\\/04\\\/d-ng-h-u-CCjgYjUudxE-unsplash-hor.jpg\",\"width\":1280,\"height\":720,\"caption\":\"R\u00e5dgivning f\u00f6r par\"},{\"@type\":\"BreadcrumbList\",\"@id\":\"https:\\\/\\\/rebeccateppertherapy.com\\\/sv\\\/couples-therapy\\\/#breadcrumb\",\"itemListElement\":[{\"@type\":\"ListItem\",\"position\":1,\"name\":\"Home\",\"item\":\"https:\\\/\\\/rebeccateppertherapy.com\\\/sv\\\/\"},{\"@type\":\"ListItem\",\"position\":2,\"name\":\"R\u00e5dgivning f\u00f6r par\"}]},{\"@type\":\"WebSite\",\"@id\":\"https:\\\/\\\/rebeccateppertherapy.com\\\/sv\\\/#website\",\"url\":\"https:\\\/\\\/rebeccateppertherapy.com\\\/sv\\\/\",\"name\":\"Rebecca R\u00f6nnhult Tepper\",\"description\":\"\",\"potentialAction\":[{\"@type\":\"SearchAction\",\"target\":{\"@type\":\"EntryPoint\",\"urlTemplate\":\"https:\\\/\\\/rebeccateppertherapy.com\\\/sv\\\/?s={search_term_string}\"},\"query-input\":{\"@type\":\"PropertyValueSpecification\",\"valueRequired\":true,\"valueName\":\"search_term_string\"}}],\"inLanguage\":\"sv-SE\"}]}<\/script>\n<!-- \/ Yoast SEO plugin. -->","yoast_head_json":{"title":"R\u00e5dgivning f\u00f6r par - Rebecca R\u00f6nnhult Tepper","description":"St\u00e4rk er relation med parterapi hos Rebecca Tepper. F\u00f6rb\u00e4ttra kommunikationen, hantera konflikter och \u00e5terskapa n\u00e4rhet i en trygg milj\u00f6.","robots":{"index":"index","follow":"follow","max-snippet":"max-snippet:-1","max-image-preview":"max-image-preview:large","max-video-preview":"max-video-preview:-1"},"canonical":"https:\/\/rebeccateppertherapy.com\/sv\/couples-therapy\/","og_locale":"sv_SE","og_type":"article","og_title":"R\u00e5dgivning f\u00f6r par - Rebecca R\u00f6nnhult Tepper","og_description":"St\u00e4rk er relation med parterapi hos Rebecca Tepper. F\u00f6rb\u00e4ttra kommunikationen, hantera konflikter och \u00e5terskapa n\u00e4rhet i en trygg milj\u00f6.","og_url":"https:\/\/rebeccateppertherapy.com\/sv\/couples-therapy\/","og_site_name":"Rebecca R\u00f6nnhult Tepper","article_modified_time":"2025-06-06T13:19:40+00:00","og_image":[{"width":1280,"height":720,"url":"https:\/\/rebeccateppertherapy.com\/wp-content\/uploads\/2025\/04\/d-ng-h-u-CCjgYjUudxE-unsplash-hor.jpg","type":"image\/jpeg"}],"twitter_card":"summary_large_image","twitter_misc":{"Ber\u00e4knad l\u00e4stid":"1 minut"},"schema":{"@context":"https:\/\/schema.org","@graph":[{"@type":"WebPage","@id":"https:\/\/rebeccateppertherapy.com\/sv\/couples-therapy\/","url":"https:\/\/rebeccateppertherapy.com\/sv\/couples-therapy\/","name":"R\u00e5dgivning f\u00f6r par - Rebecca R\u00f6nnhult Tepper","isPartOf":{"@id":"https:\/\/rebeccateppertherapy.com\/sv\/#website"},"primaryImageOfPage":{"@id":"https:\/\/rebeccateppertherapy.com\/sv\/couples-therapy\/#primaryimage"},"image":{"@id":"https:\/\/rebeccateppertherapy.com\/sv\/couples-therapy\/#primaryimage"},"thumbnailUrl":"https:\/\/rebeccateppertherapy.com\/wp-content\/uploads\/2025\/04\/d-ng-h-u-CCjgYjUudxE-unsplash-hor.jpg","datePublished":"2025-04-21T22:47:05+00:00","dateModified":"2025-06-06T13:19:40+00:00","description":"St\u00e4rk er relation med parterapi hos Rebecca Tepper. F\u00f6rb\u00e4ttra kommunikationen, hantera konflikter och \u00e5terskapa n\u00e4rhet i en trygg milj\u00f6.","breadcrumb":{"@id":"https:\/\/rebeccateppertherapy.com\/sv\/couples-therapy\/#breadcrumb"},"inLanguage":"sv-SE","potentialAction":[{"@type":"ReadAction","target":["https:\/\/rebeccateppertherapy.com\/sv\/couples-therapy\/"]}]},{"@type":"ImageObject","inLanguage":"sv-SE","@id":"https:\/\/rebeccateppertherapy.com\/sv\/couples-therapy\/#primaryimage","url":"https:\/\/rebeccateppertherapy.com\/wp-content\/uploads\/2025\/04\/d-ng-h-u-CCjgYjUudxE-unsplash-hor.jpg","contentUrl":"https:\/\/rebeccateppertherapy.com\/wp-content\/uploads\/2025\/04\/d-ng-h-u-CCjgYjUudxE-unsplash-hor.jpg","width":1280,"height":720,"caption":"R\u00e5dgivning f\u00f6r par"},{"@type":"BreadcrumbList","@id":"https:\/\/rebeccateppertherapy.com\/sv\/couples-therapy\/#breadcrumb","itemListElement":[{"@type":"ListItem","position":1,"name":"Home","item":"https:\/\/rebeccateppertherapy.com\/sv\/"},{"@type":"ListItem","position":2,"name":"R\u00e5dgivning f\u00f6r par"}]},{"@type":"WebSite","@id":"https:\/\/rebeccateppertherapy.com\/sv\/#website","url":"https:\/\/rebeccateppertherapy.com\/sv\/","name":"Rebecca R\u00f6nnhult Tepper","description":"","potentialAction":[{"@type":"SearchAction","target":{"@type":"EntryPoint","urlTemplate":"https:\/\/rebeccateppertherapy.com\/sv\/?s={search_term_string}"},"query-input":{"@type":"PropertyValueSpecification","valueRequired":true,"valueName":"search_term_string"}}],"inLanguage":"sv-SE"}]}},"_links":{"self":[{"href":"https:\/\/rebeccateppertherapy.com\/sv\/wp-json\/wp\/v2\/pages\/400","targetHints":{"allow":["GET"]}}],"collection":[{"href":"https:\/\/rebeccateppertherapy.com\/sv\/wp-json\/wp\/v2\/pages"}],"about":[{"href":"https:\/\/rebeccateppertherapy.com\/sv\/wp-json\/wp\/v2\/types\/page"}],"author":[{"embeddable":true,"href":"https:\/\/rebeccateppertherapy.com\/sv\/wp-json\/wp\/v2\/users\/1"}],"replies":[{"embeddable":true,"href":"https:\/\/rebeccateppertherapy.com\/sv\/wp-json\/wp\/v2\/comments?post=400"}],"version-history":[{"count":18,"href":"https:\/\/rebeccateppertherapy.com\/sv\/wp-json\/wp\/v2\/pages\/400\/revisions"}],"predecessor-version":[{"id":760,"href":"https:\/\/rebeccateppertherapy.com\/sv\/wp-json\/wp\/v2\/pages\/400\/revisions\/760"}],"wp:featuredmedia":[{"embeddable":true,"href":"https:\/\/rebeccateppertherapy.com\/sv\/wp-json\/wp\/v2\/media\/248"}],"wp:attachment":[{"href":"https:\/\/rebeccateppertherapy.com\/sv\/wp-json\/wp\/v2\/media?parent=400"}],"curies":[{"name":"wp","href":"https:\/\/api.w.org\/{rel}","templated":true}]}}