{"id":401,"date":"2025-04-21T23:56:52","date_gmt":"2025-04-21T22:56:52","guid":{"rendered":"https:\/\/rebeccateppertherapy.com\/existential-coaching-for-organisations-businesses-teams\/"},"modified":"2025-06-06T14:42:35","modified_gmt":"2025-06-06T13:42:35","slug":"existential-coaching-for-organisations-businesses-teams","status":"publish","type":"page","link":"https:\/\/rebeccateppertherapy.com\/sv\/existential-coaching-for-organisations-businesses-teams\/","title":{"rendered":"Existentiell coaching"},"content":{"rendered":"","protected":false},"excerpt":{"rendered":"","protected":false},"author":1,"featured_media":249,"parent":0,"menu_order":0,"comment_status":"closed","ping_status":"closed","template":"","meta":{"_acf_changed":false,"footnotes":""},"class_list":["post-401","page","type-page","status-publish","has-post-thumbnail","hentry"],"acf":[],"yoast_head":"<!-- This site is optimized with the Yoast SEO plugin v27.5 - https:\/\/yoast.com\/product\/yoast-seo-wordpress\/ -->\n<title>Existentiell coaching - Rebecca R\u00f6nnhult Tepper<\/title>\n<meta name=\"description\" content=\"Rebecca Tepper erbjuder existentiell coaching f\u00f6r organisationer, team och ledare \u2013 med fokus p\u00e5 tydlighet, syfte och \u00e4kta samh\u00f6righet i arbetslivet.\" \/>\n<meta name=\"robots\" content=\"index, follow, max-snippet:-1, max-image-preview:large, max-video-preview:-1\" \/>\n<link rel=\"canonical\" href=\"https:\/\/rebeccateppertherapy.com\/sv\/existential-coaching-for-organisations-businesses-teams\/\" \/>\n<meta property=\"og:locale\" content=\"sv_SE\" \/>\n<meta property=\"og:type\" content=\"article\" \/>\n<meta property=\"og:title\" content=\"Existentiell coaching - Rebecca R\u00f6nnhult Tepper\" \/>\n<meta property=\"og:description\" content=\"Rebecca Tepper erbjuder existentiell coaching f\u00f6r organisationer, team och ledare \u2013 med fokus p\u00e5 tydlighet, syfte och \u00e4kta samh\u00f6righet i arbetslivet.\" \/>\n<meta property=\"og:url\" content=\"https:\/\/rebeccateppertherapy.com\/sv\/existential-coaching-for-organisations-businesses-teams\/\" \/>\n<meta property=\"og:site_name\" content=\"Rebecca R\u00f6nnhult Tepper\" \/>\n<meta property=\"article:modified_time\" content=\"2025-06-06T13:42:35+00:00\" \/>\n<meta property=\"og:image\" content=\"https:\/\/rebeccateppertherapy.com\/wp-content\/uploads\/2025\/04\/aakash-malik-aXTxurmMk68-unsplash.jpg\" \/>\n\t<meta property=\"og:image:width\" content=\"1920\" \/>\n\t<meta property=\"og:image:height\" content=\"1280\" \/>\n\t<meta property=\"og:image:type\" content=\"image\/jpeg\" \/>\n<meta name=\"twitter:card\" content=\"summary_large_image\" \/>\n<meta name=\"twitter:label1\" content=\"Ber\u00e4knad l\u00e4stid\" \/>\n\t<meta name=\"twitter:data1\" content=\"1 minut\" \/>\n<script type=\"application\/ld+json\" class=\"yoast-schema-graph\">{\"@context\":\"https:\\\/\\\/schema.org\",\"@graph\":[{\"@type\":\"WebPage\",\"@id\":\"https:\\\/\\\/rebeccateppertherapy.com\\\/sv\\\/existential-coaching-for-organisations-businesses-teams\\\/\",\"url\":\"https:\\\/\\\/rebeccateppertherapy.com\\\/sv\\\/existential-coaching-for-organisations-businesses-teams\\\/\",\"name\":\"Existentiell coaching - Rebecca R\u00f6nnhult Tepper\",\"isPartOf\":{\"@id\":\"https:\\\/\\\/rebeccateppertherapy.com\\\/sv\\\/#website\"},\"primaryImageOfPage\":{\"@id\":\"https:\\\/\\\/rebeccateppertherapy.com\\\/sv\\\/existential-coaching-for-organisations-businesses-teams\\\/#primaryimage\"},\"image\":{\"@id\":\"https:\\\/\\\/rebeccateppertherapy.com\\\/sv\\\/existential-coaching-for-organisations-businesses-teams\\\/#primaryimage\"},\"thumbnailUrl\":\"https:\\\/\\\/rebeccateppertherapy.com\\\/wp-content\\\/uploads\\\/2025\\\/04\\\/aakash-malik-aXTxurmMk68-unsplash.jpg\",\"datePublished\":\"2025-04-21T22:56:52+00:00\",\"dateModified\":\"2025-06-06T13:42:35+00:00\",\"description\":\"Rebecca Tepper erbjuder existentiell coaching f\u00f6r organisationer, team och ledare \u2013 med fokus p\u00e5 tydlighet, syfte och \u00e4kta samh\u00f6righet i arbetslivet.\",\"breadcrumb\":{\"@id\":\"https:\\\/\\\/rebeccateppertherapy.com\\\/sv\\\/existential-coaching-for-organisations-businesses-teams\\\/#breadcrumb\"},\"inLanguage\":\"sv-SE\",\"potentialAction\":[{\"@type\":\"ReadAction\",\"target\":[\"https:\\\/\\\/rebeccateppertherapy.com\\\/sv\\\/existential-coaching-for-organisations-businesses-teams\\\/\"]}]},{\"@type\":\"ImageObject\",\"inLanguage\":\"sv-SE\",\"@id\":\"https:\\\/\\\/rebeccateppertherapy.com\\\/sv\\\/existential-coaching-for-organisations-businesses-teams\\\/#primaryimage\",\"url\":\"https:\\\/\\\/rebeccateppertherapy.com\\\/wp-content\\\/uploads\\\/2025\\\/04\\\/aakash-malik-aXTxurmMk68-unsplash.jpg\",\"contentUrl\":\"https:\\\/\\\/rebeccateppertherapy.com\\\/wp-content\\\/uploads\\\/2025\\\/04\\\/aakash-malik-aXTxurmMk68-unsplash.jpg\",\"width\":1920,\"height\":1280,\"caption\":\"Existentiell coaching f\u00f6r f\u00f6retag och organisationer\"},{\"@type\":\"BreadcrumbList\",\"@id\":\"https:\\\/\\\/rebeccateppertherapy.com\\\/sv\\\/existential-coaching-for-organisations-businesses-teams\\\/#breadcrumb\",\"itemListElement\":[{\"@type\":\"ListItem\",\"position\":1,\"name\":\"Home\",\"item\":\"https:\\\/\\\/rebeccateppertherapy.com\\\/sv\\\/\"},{\"@type\":\"ListItem\",\"position\":2,\"name\":\"Existentiell coaching\"}]},{\"@type\":\"WebSite\",\"@id\":\"https:\\\/\\\/rebeccateppertherapy.com\\\/sv\\\/#website\",\"url\":\"https:\\\/\\\/rebeccateppertherapy.com\\\/sv\\\/\",\"name\":\"Rebecca R\u00f6nnhult Tepper\",\"description\":\"\",\"potentialAction\":[{\"@type\":\"SearchAction\",\"target\":{\"@type\":\"EntryPoint\",\"urlTemplate\":\"https:\\\/\\\/rebeccateppertherapy.com\\\/sv\\\/?s={search_term_string}\"},\"query-input\":{\"@type\":\"PropertyValueSpecification\",\"valueRequired\":true,\"valueName\":\"search_term_string\"}}],\"inLanguage\":\"sv-SE\"}]}<\/script>\n<!-- \/ Yoast SEO plugin. -->","yoast_head_json":{"title":"Existentiell coaching - Rebecca R\u00f6nnhult Tepper","description":"Rebecca Tepper erbjuder existentiell coaching f\u00f6r organisationer, team och ledare \u2013 med fokus p\u00e5 tydlighet, syfte och \u00e4kta samh\u00f6righet i arbetslivet.","robots":{"index":"index","follow":"follow","max-snippet":"max-snippet:-1","max-image-preview":"max-image-preview:large","max-video-preview":"max-video-preview:-1"},"canonical":"https:\/\/rebeccateppertherapy.com\/sv\/existential-coaching-for-organisations-businesses-teams\/","og_locale":"sv_SE","og_type":"article","og_title":"Existentiell coaching - Rebecca R\u00f6nnhult Tepper","og_description":"Rebecca Tepper erbjuder existentiell coaching f\u00f6r organisationer, team och ledare \u2013 med fokus p\u00e5 tydlighet, syfte och \u00e4kta samh\u00f6righet i arbetslivet.","og_url":"https:\/\/rebeccateppertherapy.com\/sv\/existential-coaching-for-organisations-businesses-teams\/","og_site_name":"Rebecca R\u00f6nnhult Tepper","article_modified_time":"2025-06-06T13:42:35+00:00","og_image":[{"width":1920,"height":1280,"url":"https:\/\/rebeccateppertherapy.com\/wp-content\/uploads\/2025\/04\/aakash-malik-aXTxurmMk68-unsplash.jpg","type":"image\/jpeg"}],"twitter_card":"summary_large_image","twitter_misc":{"Ber\u00e4knad l\u00e4stid":"1 minut"},"schema":{"@context":"https:\/\/schema.org","@graph":[{"@type":"WebPage","@id":"https:\/\/rebeccateppertherapy.com\/sv\/existential-coaching-for-organisations-businesses-teams\/","url":"https:\/\/rebeccateppertherapy.com\/sv\/existential-coaching-for-organisations-businesses-teams\/","name":"Existentiell coaching - Rebecca R\u00f6nnhult Tepper","isPartOf":{"@id":"https:\/\/rebeccateppertherapy.com\/sv\/#website"},"primaryImageOfPage":{"@id":"https:\/\/rebeccateppertherapy.com\/sv\/existential-coaching-for-organisations-businesses-teams\/#primaryimage"},"image":{"@id":"https:\/\/rebeccateppertherapy.com\/sv\/existential-coaching-for-organisations-businesses-teams\/#primaryimage"},"thumbnailUrl":"https:\/\/rebeccateppertherapy.com\/wp-content\/uploads\/2025\/04\/aakash-malik-aXTxurmMk68-unsplash.jpg","datePublished":"2025-04-21T22:56:52+00:00","dateModified":"2025-06-06T13:42:35+00:00","description":"Rebecca Tepper erbjuder existentiell coaching f\u00f6r organisationer, team och ledare \u2013 med fokus p\u00e5 tydlighet, syfte och \u00e4kta samh\u00f6righet i arbetslivet.","breadcrumb":{"@id":"https:\/\/rebeccateppertherapy.com\/sv\/existential-coaching-for-organisations-businesses-teams\/#breadcrumb"},"inLanguage":"sv-SE","potentialAction":[{"@type":"ReadAction","target":["https:\/\/rebeccateppertherapy.com\/sv\/existential-coaching-for-organisations-businesses-teams\/"]}]},{"@type":"ImageObject","inLanguage":"sv-SE","@id":"https:\/\/rebeccateppertherapy.com\/sv\/existential-coaching-for-organisations-businesses-teams\/#primaryimage","url":"https:\/\/rebeccateppertherapy.com\/wp-content\/uploads\/2025\/04\/aakash-malik-aXTxurmMk68-unsplash.jpg","contentUrl":"https:\/\/rebeccateppertherapy.com\/wp-content\/uploads\/2025\/04\/aakash-malik-aXTxurmMk68-unsplash.jpg","width":1920,"height":1280,"caption":"Existentiell coaching f\u00f6r f\u00f6retag och organisationer"},{"@type":"BreadcrumbList","@id":"https:\/\/rebeccateppertherapy.com\/sv\/existential-coaching-for-organisations-businesses-teams\/#breadcrumb","itemListElement":[{"@type":"ListItem","position":1,"name":"Home","item":"https:\/\/rebeccateppertherapy.com\/sv\/"},{"@type":"ListItem","position":2,"name":"Existentiell coaching"}]},{"@type":"WebSite","@id":"https:\/\/rebeccateppertherapy.com\/sv\/#website","url":"https:\/\/rebeccateppertherapy.com\/sv\/","name":"Rebecca R\u00f6nnhult Tepper","description":"","potentialAction":[{"@type":"SearchAction","target":{"@type":"EntryPoint","urlTemplate":"https:\/\/rebeccateppertherapy.com\/sv\/?s={search_term_string}"},"query-input":{"@type":"PropertyValueSpecification","valueRequired":true,"valueName":"search_term_string"}}],"inLanguage":"sv-SE"}]}},"_links":{"self":[{"href":"https:\/\/rebeccateppertherapy.com\/sv\/wp-json\/wp\/v2\/pages\/401","targetHints":{"allow":["GET"]}}],"collection":[{"href":"https:\/\/rebeccateppertherapy.com\/sv\/wp-json\/wp\/v2\/pages"}],"about":[{"href":"https:\/\/rebeccateppertherapy.com\/sv\/wp-json\/wp\/v2\/types\/page"}],"author":[{"embeddable":true,"href":"https:\/\/rebeccateppertherapy.com\/sv\/wp-json\/wp\/v2\/users\/1"}],"replies":[{"embeddable":true,"href":"https:\/\/rebeccateppertherapy.com\/sv\/wp-json\/wp\/v2\/comments?post=401"}],"version-history":[{"count":16,"href":"https:\/\/rebeccateppertherapy.com\/sv\/wp-json\/wp\/v2\/pages\/401\/revisions"}],"predecessor-version":[{"id":764,"href":"https:\/\/rebeccateppertherapy.com\/sv\/wp-json\/wp\/v2\/pages\/401\/revisions\/764"}],"wp:featuredmedia":[{"embeddable":true,"href":"https:\/\/rebeccateppertherapy.com\/sv\/wp-json\/wp\/v2\/media\/249"}],"wp:attachment":[{"href":"https:\/\/rebeccateppertherapy.com\/sv\/wp-json\/wp\/v2\/media?parent=401"}],"curies":[{"name":"wp","href":"https:\/\/api.w.org\/{rel}","templated":true}]}}