{"id":404,"date":"2025-05-02T14:43:25","date_gmt":"2025-05-02T13:43:25","guid":{"rendered":"https:\/\/rebeccateppertherapy.com\/how-i-work\/"},"modified":"2025-06-06T13:36:09","modified_gmt":"2025-06-06T12:36:09","slug":"mitt-satt-att-arbeta","status":"publish","type":"page","link":"https:\/\/rebeccateppertherapy.com\/sv\/mitt-satt-att-arbeta\/","title":{"rendered":"Metod och arbetss\u00e4tt"},"content":{"rendered":"","protected":false},"excerpt":{"rendered":"","protected":false},"author":1,"featured_media":0,"parent":0,"menu_order":0,"comment_status":"closed","ping_status":"closed","template":"about.php","meta":{"_acf_changed":false,"footnotes":""},"class_list":["post-404","page","type-page","status-publish","hentry"],"acf":[],"yoast_head":"<!-- This site is optimized with the Yoast SEO plugin v27.5 - https:\/\/yoast.com\/product\/yoast-seo-wordpress\/ -->\n<title>Metod och arbetss\u00e4tt - Rebecca R\u00f6nnhult Tepper<\/title>\n<meta name=\"description\" content=\"L\u00e4s om Rebecca Teppers terapeutiska arbetss\u00e4tt \u2013 med fokus p\u00e5 tillit, n\u00e4rvaro och samarbete. Uppt\u00e4ck hur terapi kan st\u00f6dja din personliga utveckling.\" \/>\n<meta name=\"robots\" content=\"index, follow, max-snippet:-1, max-image-preview:large, max-video-preview:-1\" \/>\n<link rel=\"canonical\" href=\"https:\/\/rebeccateppertherapy.com\/sv\/mitt-satt-att-arbeta\/\" \/>\n<meta property=\"og:locale\" content=\"sv_SE\" \/>\n<meta property=\"og:type\" content=\"article\" \/>\n<meta property=\"og:title\" content=\"Metod och arbetss\u00e4tt - Rebecca R\u00f6nnhult Tepper\" \/>\n<meta property=\"og:description\" content=\"L\u00e4s om Rebecca Teppers terapeutiska arbetss\u00e4tt \u2013 med fokus p\u00e5 tillit, n\u00e4rvaro och samarbete. Uppt\u00e4ck hur terapi kan st\u00f6dja din personliga utveckling.\" \/>\n<meta property=\"og:url\" content=\"https:\/\/rebeccateppertherapy.com\/sv\/mitt-satt-att-arbeta\/\" \/>\n<meta property=\"og:site_name\" content=\"Rebecca R\u00f6nnhult Tepper\" \/>\n<meta property=\"article:modified_time\" content=\"2025-06-06T12:36:09+00:00\" \/>\n<meta name=\"twitter:card\" content=\"summary_large_image\" \/>\n<script type=\"application\/ld+json\" class=\"yoast-schema-graph\">{\"@context\":\"https:\\\/\\\/schema.org\",\"@graph\":[{\"@type\":\"WebPage\",\"@id\":\"https:\\\/\\\/rebeccateppertherapy.com\\\/sv\\\/mitt-satt-att-arbeta\\\/\",\"url\":\"https:\\\/\\\/rebeccateppertherapy.com\\\/sv\\\/mitt-satt-att-arbeta\\\/\",\"name\":\"Metod och arbetss\u00e4tt - Rebecca R\u00f6nnhult Tepper\",\"isPartOf\":{\"@id\":\"https:\\\/\\\/rebeccateppertherapy.com\\\/sv\\\/#website\"},\"datePublished\":\"2025-05-02T13:43:25+00:00\",\"dateModified\":\"2025-06-06T12:36:09+00:00\",\"description\":\"L\u00e4s om Rebecca Teppers terapeutiska arbetss\u00e4tt \u2013 med fokus p\u00e5 tillit, n\u00e4rvaro och samarbete. Uppt\u00e4ck hur terapi kan st\u00f6dja din personliga utveckling.\",\"breadcrumb\":{\"@id\":\"https:\\\/\\\/rebeccateppertherapy.com\\\/sv\\\/mitt-satt-att-arbeta\\\/#breadcrumb\"},\"inLanguage\":\"sv-SE\",\"potentialAction\":[{\"@type\":\"ReadAction\",\"target\":[\"https:\\\/\\\/rebeccateppertherapy.com\\\/sv\\\/mitt-satt-att-arbeta\\\/\"]}]},{\"@type\":\"BreadcrumbList\",\"@id\":\"https:\\\/\\\/rebeccateppertherapy.com\\\/sv\\\/mitt-satt-att-arbeta\\\/#breadcrumb\",\"itemListElement\":[{\"@type\":\"ListItem\",\"position\":1,\"name\":\"Home\",\"item\":\"https:\\\/\\\/rebeccateppertherapy.com\\\/sv\\\/\"},{\"@type\":\"ListItem\",\"position\":2,\"name\":\"Metod och arbetss\u00e4tt\"}]},{\"@type\":\"WebSite\",\"@id\":\"https:\\\/\\\/rebeccateppertherapy.com\\\/sv\\\/#website\",\"url\":\"https:\\\/\\\/rebeccateppertherapy.com\\\/sv\\\/\",\"name\":\"Rebecca R\u00f6nnhult Tepper\",\"description\":\"\",\"potentialAction\":[{\"@type\":\"SearchAction\",\"target\":{\"@type\":\"EntryPoint\",\"urlTemplate\":\"https:\\\/\\\/rebeccateppertherapy.com\\\/sv\\\/?s={search_term_string}\"},\"query-input\":{\"@type\":\"PropertyValueSpecification\",\"valueRequired\":true,\"valueName\":\"search_term_string\"}}],\"inLanguage\":\"sv-SE\"}]}<\/script>\n<!-- \/ Yoast SEO plugin. -->","yoast_head_json":{"title":"Metod och arbetss\u00e4tt - Rebecca R\u00f6nnhult Tepper","description":"L\u00e4s om Rebecca Teppers terapeutiska arbetss\u00e4tt \u2013 med fokus p\u00e5 tillit, n\u00e4rvaro och samarbete. Uppt\u00e4ck hur terapi kan st\u00f6dja din personliga utveckling.","robots":{"index":"index","follow":"follow","max-snippet":"max-snippet:-1","max-image-preview":"max-image-preview:large","max-video-preview":"max-video-preview:-1"},"canonical":"https:\/\/rebeccateppertherapy.com\/sv\/mitt-satt-att-arbeta\/","og_locale":"sv_SE","og_type":"article","og_title":"Metod och arbetss\u00e4tt - Rebecca R\u00f6nnhult Tepper","og_description":"L\u00e4s om Rebecca Teppers terapeutiska arbetss\u00e4tt \u2013 med fokus p\u00e5 tillit, n\u00e4rvaro och samarbete. Uppt\u00e4ck hur terapi kan st\u00f6dja din personliga utveckling.","og_url":"https:\/\/rebeccateppertherapy.com\/sv\/mitt-satt-att-arbeta\/","og_site_name":"Rebecca R\u00f6nnhult Tepper","article_modified_time":"2025-06-06T12:36:09+00:00","twitter_card":"summary_large_image","schema":{"@context":"https:\/\/schema.org","@graph":[{"@type":"WebPage","@id":"https:\/\/rebeccateppertherapy.com\/sv\/mitt-satt-att-arbeta\/","url":"https:\/\/rebeccateppertherapy.com\/sv\/mitt-satt-att-arbeta\/","name":"Metod och arbetss\u00e4tt - Rebecca R\u00f6nnhult Tepper","isPartOf":{"@id":"https:\/\/rebeccateppertherapy.com\/sv\/#website"},"datePublished":"2025-05-02T13:43:25+00:00","dateModified":"2025-06-06T12:36:09+00:00","description":"L\u00e4s om Rebecca Teppers terapeutiska arbetss\u00e4tt \u2013 med fokus p\u00e5 tillit, n\u00e4rvaro och samarbete. Uppt\u00e4ck hur terapi kan st\u00f6dja din personliga utveckling.","breadcrumb":{"@id":"https:\/\/rebeccateppertherapy.com\/sv\/mitt-satt-att-arbeta\/#breadcrumb"},"inLanguage":"sv-SE","potentialAction":[{"@type":"ReadAction","target":["https:\/\/rebeccateppertherapy.com\/sv\/mitt-satt-att-arbeta\/"]}]},{"@type":"BreadcrumbList","@id":"https:\/\/rebeccateppertherapy.com\/sv\/mitt-satt-att-arbeta\/#breadcrumb","itemListElement":[{"@type":"ListItem","position":1,"name":"Home","item":"https:\/\/rebeccateppertherapy.com\/sv\/"},{"@type":"ListItem","position":2,"name":"Metod och arbetss\u00e4tt"}]},{"@type":"WebSite","@id":"https:\/\/rebeccateppertherapy.com\/sv\/#website","url":"https:\/\/rebeccateppertherapy.com\/sv\/","name":"Rebecca R\u00f6nnhult Tepper","description":"","potentialAction":[{"@type":"SearchAction","target":{"@type":"EntryPoint","urlTemplate":"https:\/\/rebeccateppertherapy.com\/sv\/?s={search_term_string}"},"query-input":{"@type":"PropertyValueSpecification","valueRequired":true,"valueName":"search_term_string"}}],"inLanguage":"sv-SE"}]}},"_links":{"self":[{"href":"https:\/\/rebeccateppertherapy.com\/sv\/wp-json\/wp\/v2\/pages\/404","targetHints":{"allow":["GET"]}}],"collection":[{"href":"https:\/\/rebeccateppertherapy.com\/sv\/wp-json\/wp\/v2\/pages"}],"about":[{"href":"https:\/\/rebeccateppertherapy.com\/sv\/wp-json\/wp\/v2\/types\/page"}],"author":[{"embeddable":true,"href":"https:\/\/rebeccateppertherapy.com\/sv\/wp-json\/wp\/v2\/users\/1"}],"replies":[{"embeddable":true,"href":"https:\/\/rebeccateppertherapy.com\/sv\/wp-json\/wp\/v2\/comments?post=404"}],"version-history":[{"count":39,"href":"https:\/\/rebeccateppertherapy.com\/sv\/wp-json\/wp\/v2\/pages\/404\/revisions"}],"predecessor-version":[{"id":744,"href":"https:\/\/rebeccateppertherapy.com\/sv\/wp-json\/wp\/v2\/pages\/404\/revisions\/744"}],"wp:attachment":[{"href":"https:\/\/rebeccateppertherapy.com\/sv\/wp-json\/wp\/v2\/media?parent=404"}],"curies":[{"name":"wp","href":"https:\/\/api.w.org\/{rel}","templated":true}]}}