{"id":405,"date":"2025-05-03T15:06:30","date_gmt":"2025-05-03T14:06:30","guid":{"rendered":"https:\/\/rebeccateppertherapy.com\/individuals\/"},"modified":"2025-06-06T13:56:04","modified_gmt":"2025-06-06T12:56:04","slug":"individuel-terapi","status":"publish","type":"page","link":"https:\/\/rebeccateppertherapy.com\/sv\/individuel-terapi\/","title":{"rendered":"Individuell terapi"},"content":{"rendered":"","protected":false},"excerpt":{"rendered":"","protected":false},"author":1,"featured_media":243,"parent":0,"menu_order":0,"comment_status":"closed","ping_status":"closed","template":"","meta":{"_acf_changed":false,"footnotes":""},"class_list":["post-405","page","type-page","status-publish","has-post-thumbnail","hentry"],"acf":[],"yoast_head":"<!-- This site is optimized with the Yoast SEO plugin v27.5 - https:\/\/yoast.com\/product\/yoast-seo-wordpress\/ -->\n<title>Individuell terapi - Rebecca R\u00f6nnhult Tepper<\/title>\n<meta name=\"description\" content=\"Rebecca Tepper erbjuder individuell terapi i en trygg och reflekterande milj\u00f6 \u2013 f\u00f6r dig som vill hantera utmaningar, st\u00e4rka dig sj\u00e4lv och utvecklas.\" \/>\n<meta name=\"robots\" content=\"index, follow, max-snippet:-1, max-image-preview:large, max-video-preview:-1\" \/>\n<link rel=\"canonical\" href=\"https:\/\/rebeccateppertherapy.com\/sv\/individuel-terapi\/\" \/>\n<meta property=\"og:locale\" content=\"sv_SE\" \/>\n<meta property=\"og:type\" content=\"article\" \/>\n<meta property=\"og:title\" content=\"Individuell terapi - Rebecca R\u00f6nnhult Tepper\" \/>\n<meta property=\"og:description\" content=\"Rebecca Tepper erbjuder individuell terapi i en trygg och reflekterande milj\u00f6 \u2013 f\u00f6r dig som vill hantera utmaningar, st\u00e4rka dig sj\u00e4lv och utvecklas.\" \/>\n<meta property=\"og:url\" content=\"https:\/\/rebeccateppertherapy.com\/sv\/individuel-terapi\/\" \/>\n<meta property=\"og:site_name\" content=\"Rebecca R\u00f6nnhult Tepper\" \/>\n<meta property=\"article:modified_time\" content=\"2025-06-06T12:56:04+00:00\" \/>\n<meta property=\"og:image\" content=\"https:\/\/rebeccateppertherapy.com\/wp-content\/uploads\/2025\/04\/daiga-ellaby-fUX49GpZ8fI-unsplash-scaled.jpg\" \/>\n\t<meta property=\"og:image:width\" content=\"1707\" \/>\n\t<meta property=\"og:image:height\" content=\"2560\" \/>\n\t<meta property=\"og:image:type\" content=\"image\/jpeg\" \/>\n<meta name=\"twitter:card\" content=\"summary_large_image\" \/>\n<meta name=\"twitter:label1\" content=\"Ber\u00e4knad l\u00e4stid\" \/>\n\t<meta name=\"twitter:data1\" content=\"1 minut\" \/>\n<script type=\"application\/ld+json\" class=\"yoast-schema-graph\">{\"@context\":\"https:\\\/\\\/schema.org\",\"@graph\":[{\"@type\":\"WebPage\",\"@id\":\"https:\\\/\\\/rebeccateppertherapy.com\\\/sv\\\/individuel-terapi\\\/\",\"url\":\"https:\\\/\\\/rebeccateppertherapy.com\\\/sv\\\/individuel-terapi\\\/\",\"name\":\"Individuell terapi - Rebecca R\u00f6nnhult Tepper\",\"isPartOf\":{\"@id\":\"https:\\\/\\\/rebeccateppertherapy.com\\\/sv\\\/#website\"},\"primaryImageOfPage\":{\"@id\":\"https:\\\/\\\/rebeccateppertherapy.com\\\/sv\\\/individuel-terapi\\\/#primaryimage\"},\"image\":{\"@id\":\"https:\\\/\\\/rebeccateppertherapy.com\\\/sv\\\/individuel-terapi\\\/#primaryimage\"},\"thumbnailUrl\":\"https:\\\/\\\/rebeccateppertherapy.com\\\/wp-content\\\/uploads\\\/2025\\\/04\\\/daiga-ellaby-fUX49GpZ8fI-unsplash-scaled.jpg\",\"datePublished\":\"2025-05-03T14:06:30+00:00\",\"dateModified\":\"2025-06-06T12:56:04+00:00\",\"description\":\"Rebecca Tepper erbjuder individuell terapi i en trygg och reflekterande milj\u00f6 \u2013 f\u00f6r dig som vill hantera utmaningar, st\u00e4rka dig sj\u00e4lv och utvecklas.\",\"breadcrumb\":{\"@id\":\"https:\\\/\\\/rebeccateppertherapy.com\\\/sv\\\/individuel-terapi\\\/#breadcrumb\"},\"inLanguage\":\"sv-SE\",\"potentialAction\":[{\"@type\":\"ReadAction\",\"target\":[\"https:\\\/\\\/rebeccateppertherapy.com\\\/sv\\\/individuel-terapi\\\/\"]}]},{\"@type\":\"ImageObject\",\"inLanguage\":\"sv-SE\",\"@id\":\"https:\\\/\\\/rebeccateppertherapy.com\\\/sv\\\/individuel-terapi\\\/#primaryimage\",\"url\":\"https:\\\/\\\/rebeccateppertherapy.com\\\/wp-content\\\/uploads\\\/2025\\\/04\\\/daiga-ellaby-fUX49GpZ8fI-unsplash-scaled.jpg\",\"contentUrl\":\"https:\\\/\\\/rebeccateppertherapy.com\\\/wp-content\\\/uploads\\\/2025\\\/04\\\/daiga-ellaby-fUX49GpZ8fI-unsplash-scaled.jpg\",\"width\":1707,\"height\":2560,\"caption\":\"Individuell terapi\"},{\"@type\":\"BreadcrumbList\",\"@id\":\"https:\\\/\\\/rebeccateppertherapy.com\\\/sv\\\/individuel-terapi\\\/#breadcrumb\",\"itemListElement\":[{\"@type\":\"ListItem\",\"position\":1,\"name\":\"Home\",\"item\":\"https:\\\/\\\/rebeccateppertherapy.com\\\/sv\\\/\"},{\"@type\":\"ListItem\",\"position\":2,\"name\":\"Individuell terapi\"}]},{\"@type\":\"WebSite\",\"@id\":\"https:\\\/\\\/rebeccateppertherapy.com\\\/sv\\\/#website\",\"url\":\"https:\\\/\\\/rebeccateppertherapy.com\\\/sv\\\/\",\"name\":\"Rebecca R\u00f6nnhult Tepper\",\"description\":\"\",\"potentialAction\":[{\"@type\":\"SearchAction\",\"target\":{\"@type\":\"EntryPoint\",\"urlTemplate\":\"https:\\\/\\\/rebeccateppertherapy.com\\\/sv\\\/?s={search_term_string}\"},\"query-input\":{\"@type\":\"PropertyValueSpecification\",\"valueRequired\":true,\"valueName\":\"search_term_string\"}}],\"inLanguage\":\"sv-SE\"}]}<\/script>\n<!-- \/ Yoast SEO plugin. -->","yoast_head_json":{"title":"Individuell terapi - Rebecca R\u00f6nnhult Tepper","description":"Rebecca Tepper erbjuder individuell terapi i en trygg och reflekterande milj\u00f6 \u2013 f\u00f6r dig som vill hantera utmaningar, st\u00e4rka dig sj\u00e4lv och utvecklas.","robots":{"index":"index","follow":"follow","max-snippet":"max-snippet:-1","max-image-preview":"max-image-preview:large","max-video-preview":"max-video-preview:-1"},"canonical":"https:\/\/rebeccateppertherapy.com\/sv\/individuel-terapi\/","og_locale":"sv_SE","og_type":"article","og_title":"Individuell terapi - Rebecca R\u00f6nnhult Tepper","og_description":"Rebecca Tepper erbjuder individuell terapi i en trygg och reflekterande milj\u00f6 \u2013 f\u00f6r dig som vill hantera utmaningar, st\u00e4rka dig sj\u00e4lv och utvecklas.","og_url":"https:\/\/rebeccateppertherapy.com\/sv\/individuel-terapi\/","og_site_name":"Rebecca R\u00f6nnhult Tepper","article_modified_time":"2025-06-06T12:56:04+00:00","og_image":[{"width":1707,"height":2560,"url":"https:\/\/rebeccateppertherapy.com\/wp-content\/uploads\/2025\/04\/daiga-ellaby-fUX49GpZ8fI-unsplash-scaled.jpg","type":"image\/jpeg"}],"twitter_card":"summary_large_image","twitter_misc":{"Ber\u00e4knad l\u00e4stid":"1 minut"},"schema":{"@context":"https:\/\/schema.org","@graph":[{"@type":"WebPage","@id":"https:\/\/rebeccateppertherapy.com\/sv\/individuel-terapi\/","url":"https:\/\/rebeccateppertherapy.com\/sv\/individuel-terapi\/","name":"Individuell terapi - Rebecca R\u00f6nnhult Tepper","isPartOf":{"@id":"https:\/\/rebeccateppertherapy.com\/sv\/#website"},"primaryImageOfPage":{"@id":"https:\/\/rebeccateppertherapy.com\/sv\/individuel-terapi\/#primaryimage"},"image":{"@id":"https:\/\/rebeccateppertherapy.com\/sv\/individuel-terapi\/#primaryimage"},"thumbnailUrl":"https:\/\/rebeccateppertherapy.com\/wp-content\/uploads\/2025\/04\/daiga-ellaby-fUX49GpZ8fI-unsplash-scaled.jpg","datePublished":"2025-05-03T14:06:30+00:00","dateModified":"2025-06-06T12:56:04+00:00","description":"Rebecca Tepper erbjuder individuell terapi i en trygg och reflekterande milj\u00f6 \u2013 f\u00f6r dig som vill hantera utmaningar, st\u00e4rka dig sj\u00e4lv och utvecklas.","breadcrumb":{"@id":"https:\/\/rebeccateppertherapy.com\/sv\/individuel-terapi\/#breadcrumb"},"inLanguage":"sv-SE","potentialAction":[{"@type":"ReadAction","target":["https:\/\/rebeccateppertherapy.com\/sv\/individuel-terapi\/"]}]},{"@type":"ImageObject","inLanguage":"sv-SE","@id":"https:\/\/rebeccateppertherapy.com\/sv\/individuel-terapi\/#primaryimage","url":"https:\/\/rebeccateppertherapy.com\/wp-content\/uploads\/2025\/04\/daiga-ellaby-fUX49GpZ8fI-unsplash-scaled.jpg","contentUrl":"https:\/\/rebeccateppertherapy.com\/wp-content\/uploads\/2025\/04\/daiga-ellaby-fUX49GpZ8fI-unsplash-scaled.jpg","width":1707,"height":2560,"caption":"Individuell terapi"},{"@type":"BreadcrumbList","@id":"https:\/\/rebeccateppertherapy.com\/sv\/individuel-terapi\/#breadcrumb","itemListElement":[{"@type":"ListItem","position":1,"name":"Home","item":"https:\/\/rebeccateppertherapy.com\/sv\/"},{"@type":"ListItem","position":2,"name":"Individuell terapi"}]},{"@type":"WebSite","@id":"https:\/\/rebeccateppertherapy.com\/sv\/#website","url":"https:\/\/rebeccateppertherapy.com\/sv\/","name":"Rebecca R\u00f6nnhult Tepper","description":"","potentialAction":[{"@type":"SearchAction","target":{"@type":"EntryPoint","urlTemplate":"https:\/\/rebeccateppertherapy.com\/sv\/?s={search_term_string}"},"query-input":{"@type":"PropertyValueSpecification","valueRequired":true,"valueName":"search_term_string"}}],"inLanguage":"sv-SE"}]}},"_links":{"self":[{"href":"https:\/\/rebeccateppertherapy.com\/sv\/wp-json\/wp\/v2\/pages\/405","targetHints":{"allow":["GET"]}}],"collection":[{"href":"https:\/\/rebeccateppertherapy.com\/sv\/wp-json\/wp\/v2\/pages"}],"about":[{"href":"https:\/\/rebeccateppertherapy.com\/sv\/wp-json\/wp\/v2\/types\/page"}],"author":[{"embeddable":true,"href":"https:\/\/rebeccateppertherapy.com\/sv\/wp-json\/wp\/v2\/users\/1"}],"replies":[{"embeddable":true,"href":"https:\/\/rebeccateppertherapy.com\/sv\/wp-json\/wp\/v2\/comments?post=405"}],"version-history":[{"count":22,"href":"https:\/\/rebeccateppertherapy.com\/sv\/wp-json\/wp\/v2\/pages\/405\/revisions"}],"predecessor-version":[{"id":753,"href":"https:\/\/rebeccateppertherapy.com\/sv\/wp-json\/wp\/v2\/pages\/405\/revisions\/753"}],"wp:featuredmedia":[{"embeddable":true,"href":"https:\/\/rebeccateppertherapy.com\/sv\/wp-json\/wp\/v2\/media\/243"}],"wp:attachment":[{"href":"https:\/\/rebeccateppertherapy.com\/sv\/wp-json\/wp\/v2\/media?parent=405"}],"curies":[{"name":"wp","href":"https:\/\/api.w.org\/{rel}","templated":true}]}}